{"id":12533,"date":"2023-05-12T10:36:40","date_gmt":"2023-05-12T10:36:40","guid":{"rendered":"https:\/\/seaestahotel.vn\/home\/?page_id=12533"},"modified":"2023-06-05T03:16:09","modified_gmt":"2023-06-05T03:16:09","slug":"luna-meetingroom","status":"publish","type":"page","link":"https:\/\/seaestahotel.vn\/home\/vi\/luna-meetingroom\/","title":{"rendered":"Ph\u00f2ng H\u1ecdp Luna"},"content":{"rendered":"<div data-elementor-type=\"wp-page\" data-elementor-id=\"12533\" class=\"elementor elementor-12533\">\n\t\t\t\t\t\t\t\t\t<section class=\"elementor-section elementor-top-section elementor-element elementor-element-0174b8c elementor-section-stretched elementor-section-content-middle elementor-section-boxed elementor-section-height-default elementor-section-height-default\" data-id=\"0174b8c\" data-element_type=\"section\" data-settings=\"{&quot;stretch_section&quot;:&quot;section-stretched&quot;,&quot;background_background&quot;:&quot;classic&quot;}\">\n\t\t\t\t\t\t\t<div class=\"elementor-background-overlay\"><\/div>\n\t\t\t\t\t\t\t<div class=\"elementor-container elementor-column-gap-default\">\n\t\t\t\t\t<div class=\"elementor-column elementor-col-100 elementor-top-column elementor-element elementor-element-800401f\" data-id=\"800401f\" data-element_type=\"column\">\n\t\t\t<div class=\"elementor-widget-wrap elementor-element-populated\">\n\t\t\t\t\t\t\t\t<div class=\"elementor-element elementor-element-6ef691d elementor-widget elementor-widget-heading\" data-id=\"6ef691d\" data-element_type=\"widget\" data-widget_type=\"heading.default\">\n\t\t\t\t<div class=\"elementor-widget-container\">\n\t\t\t<style>\/*! elementor - v3.12.1 - 02-04-2023 *\/\n.elementor-heading-title{padding:0;margin:0;line-height:1}.elementor-widget-heading .elementor-heading-title[class*=elementor-size-]>a{color:inherit;font-size:inherit;line-height:inherit}.elementor-widget-heading .elementor-heading-title.elementor-size-small{font-size:15px}.elementor-widget-heading .elementor-heading-title.elementor-size-medium{font-size:19px}.elementor-widget-heading .elementor-heading-title.elementor-size-large{font-size:29px}.elementor-widget-heading .elementor-heading-title.elementor-size-xl{font-size:39px}.elementor-widget-heading .elementor-heading-title.elementor-size-xxl{font-size:59px}<\/style><h1 class=\"elementor-heading-title elementor-size-default\">PH\u00d2NG H\u1eccP LUNA<\/h1>\t\t<\/div>\n\t\t\t\t<\/div>\n\t\t\t\t\t<\/div>\n\t\t<\/div>\n\t\t\t\t\t\t\t<\/div>\n\t\t<\/section>\n\t\t\t\t<section class=\"elementor-section elementor-top-section elementor-element elementor-element-e7d71b3 elementor-section-boxed elementor-section-height-default elementor-section-height-default\" data-id=\"e7d71b3\" data-element_type=\"section\">\n\t\t\t\t\t\t<div class=\"elementor-container elementor-column-gap-default\">\n\t\t\t\t\t<div class=\"elementor-column elementor-col-50 elementor-top-column elementor-element elementor-element-07a663e\" data-id=\"07a663e\" data-element_type=\"column\">\n\t\t\t<div class=\"elementor-widget-wrap elementor-element-populated\">\n\t\t\t\t\t\t\t\t<div class=\"elementor-element elementor-element-9fb6c8f elementor-widget elementor-widget-image-gallery\" data-id=\"9fb6c8f\" data-element_type=\"widget\" data-widget_type=\"image-gallery.default\">\n\t\t\t\t<div class=\"elementor-widget-container\">\n\t\t\t<style>\/*! elementor - v3.12.1 - 02-04-2023 *\/\n.elementor-image-gallery .gallery-item{display:inline-block;text-align:center;vertical-align:top;width:100%;max-width:100%;margin:0 auto}.elementor-image-gallery .gallery-item img{margin:0 auto}.elementor-image-gallery .gallery-item .gallery-caption{margin:0}.elementor-image-gallery figure img{display:block}.elementor-image-gallery figure figcaption{width:100%}.gallery-spacing-custom .elementor-image-gallery .gallery-icon{padding:0}@media (min-width:768px){.elementor-image-gallery .gallery-columns-2 .gallery-item{max-width:50%}.elementor-image-gallery .gallery-columns-3 .gallery-item{max-width:33.33%}.elementor-image-gallery .gallery-columns-4 .gallery-item{max-width:25%}.elementor-image-gallery .gallery-columns-5 .gallery-item{max-width:20%}.elementor-image-gallery .gallery-columns-6 .gallery-item{max-width:16.666%}.elementor-image-gallery .gallery-columns-7 .gallery-item{max-width:14.28%}.elementor-image-gallery .gallery-columns-8 .gallery-item{max-width:12.5%}.elementor-image-gallery .gallery-columns-9 .gallery-item{max-width:11.11%}.elementor-image-gallery .gallery-columns-10 .gallery-item{max-width:10%}}@media (min-width:480px) and (max-width:767px){.elementor-image-gallery .gallery.gallery-columns-2 .gallery-item,.elementor-image-gallery .gallery.gallery-columns-3 .gallery-item,.elementor-image-gallery .gallery.gallery-columns-4 .gallery-item,.elementor-image-gallery .gallery.gallery-columns-5 .gallery-item,.elementor-image-gallery .gallery.gallery-columns-6 .gallery-item,.elementor-image-gallery .gallery.gallery-columns-7 .gallery-item,.elementor-image-gallery .gallery.gallery-columns-8 .gallery-item,.elementor-image-gallery .gallery.gallery-columns-9 .gallery-item,.elementor-image-gallery .gallery.gallery-columns-10 .gallery-item{max-width:50%}}@media (max-width:479px){.elementor-image-gallery .gallery.gallery-columns-2 .gallery-item,.elementor-image-gallery .gallery.gallery-columns-3 .gallery-item,.elementor-image-gallery .gallery.gallery-columns-4 .gallery-item,.elementor-image-gallery .gallery.gallery-columns-5 .gallery-item,.elementor-image-gallery .gallery.gallery-columns-6 .gallery-item,.elementor-image-gallery .gallery.gallery-columns-7 .gallery-item,.elementor-image-gallery .gallery.gallery-columns-8 .gallery-item,.elementor-image-gallery .gallery.gallery-columns-9 .gallery-item,.elementor-image-gallery .gallery.gallery-columns-10 .gallery-item{max-width:100%}}<\/style>\t\t<div class=\"elementor-image-gallery\">\n\t\t\t\n\t\t<style type=\"text\/css\">\n\t\t\t#gallery-1 {\n\t\t\t\tmargin: auto;\n\t\t\t}\n\t\t\t#gallery-1 .gallery-item {\n\t\t\t\tfloat: left;\n\t\t\t\tmargin-top: 10px;\n\t\t\t\ttext-align: center;\n\t\t\t\twidth: 33%;\n\t\t\t}\n\t\t\t#gallery-1 img {\n\t\t\t\tborder: 2px solid #cfcfcf;\n\t\t\t}\n\t\t\t#gallery-1 .gallery-caption {\n\t\t\t\tmargin-left: 0;\n\t\t\t}\n\t\t\t\/* see gallery_shortcode() in wp-includes\/media.php *\/\n\t\t<\/style>\n\t\t<div id='gallery-1' class='gallery galleryid-12533 gallery-columns-3 gallery-size-thumbnail'><dl class='gallery-item'>\n\t\t\t<dt class='gallery-icon landscape'>\n\t\t\t\t<a data-elementor-open-lightbox=\"yes\" data-elementor-lightbox-slideshow=\"9fb6c8f\" data-elementor-lightbox-title=\"Conference Room 5\" data-e-action-hash=\"#elementor-action%3Aaction%3Dlightbox%26settings%3DeyJpZCI6MTM0OTYsInVybCI6Imh0dHBzOlwvXC9zZWFlc3RhaG90ZWwudm5cL2hvbWVcL3dwLWNvbnRlbnRcL3VwbG9hZHNcLzIwMjNcLzA1XC9Db25mZXJlbmNlLVJvb20tNS0xLXNjYWxlZC5qcGciLCJzbGlkZXNob3ciOiI5ZmI2YzhmIn0%3D\" href='https:\/\/seaestahotel.vn\/home\/wp-content\/uploads\/2023\/05\/Conference-Room-5-1-scaled.jpg'><img loading=\"lazy\" decoding=\"async\" width=\"150\" height=\"150\" src=\"https:\/\/seaestahotel.vn\/home\/wp-content\/uploads\/2023\/05\/Conference-Room-5-1-150x150.jpg\" class=\"attachment-thumbnail size-thumbnail\" alt=\"\" srcset=\"https:\/\/seaestahotel.vn\/home\/wp-content\/uploads\/2023\/05\/Conference-Room-5-1-150x150.jpg 150w, https:\/\/seaestahotel.vn\/home\/wp-content\/uploads\/2023\/05\/Conference-Room-5-1-720x720.jpg 720w, https:\/\/seaestahotel.vn\/home\/wp-content\/uploads\/2023\/05\/Conference-Room-5-1-300x300.jpg 300w, https:\/\/seaestahotel.vn\/home\/wp-content\/uploads\/2023\/05\/Conference-Room-5-1-100x100.jpg 100w\" sizes=\"auto, (max-width: 150px) 100vw, 150px\" \/><\/a>\n\t\t\t<\/dt><\/dl><dl class='gallery-item'>\n\t\t\t<dt class='gallery-icon landscape'>\n\t\t\t\t<a data-elementor-open-lightbox=\"yes\" data-elementor-lightbox-slideshow=\"9fb6c8f\" data-elementor-lightbox-title=\"Conference Room 7\" data-e-action-hash=\"#elementor-action%3Aaction%3Dlightbox%26settings%3DeyJpZCI6MTM0OTcsInVybCI6Imh0dHBzOlwvXC9zZWFlc3RhaG90ZWwudm5cL2hvbWVcL3dwLWNvbnRlbnRcL3VwbG9hZHNcLzIwMjNcLzA1XC9Db25mZXJlbmNlLVJvb20tNy1zY2FsZWQuanBnIiwic2xpZGVzaG93IjoiOWZiNmM4ZiJ9\" href='https:\/\/seaestahotel.vn\/home\/wp-content\/uploads\/2023\/05\/Conference-Room-7-scaled.jpg'><img loading=\"lazy\" decoding=\"async\" width=\"150\" height=\"150\" src=\"https:\/\/seaestahotel.vn\/home\/wp-content\/uploads\/2023\/05\/Conference-Room-7-150x150.jpg\" class=\"attachment-thumbnail size-thumbnail\" alt=\"\" srcset=\"https:\/\/seaestahotel.vn\/home\/wp-content\/uploads\/2023\/05\/Conference-Room-7-150x150.jpg 150w, https:\/\/seaestahotel.vn\/home\/wp-content\/uploads\/2023\/05\/Conference-Room-7-720x720.jpg 720w, https:\/\/seaestahotel.vn\/home\/wp-content\/uploads\/2023\/05\/Conference-Room-7-300x300.jpg 300w, https:\/\/seaestahotel.vn\/home\/wp-content\/uploads\/2023\/05\/Conference-Room-7-100x100.jpg 100w\" sizes=\"auto, (max-width: 150px) 100vw, 150px\" \/><\/a>\n\t\t\t<\/dt><\/dl><dl class='gallery-item'>\n\t\t\t<dt class='gallery-icon landscape'>\n\t\t\t\t<a data-elementor-open-lightbox=\"yes\" data-elementor-lightbox-slideshow=\"9fb6c8f\" data-elementor-lightbox-title=\"Conference Room 9\" data-e-action-hash=\"#elementor-action%3Aaction%3Dlightbox%26settings%3DeyJpZCI6MTM0OTksInVybCI6Imh0dHBzOlwvXC9zZWFlc3RhaG90ZWwudm5cL2hvbWVcL3dwLWNvbnRlbnRcL3VwbG9hZHNcLzIwMjNcLzA1XC9Db25mZXJlbmNlLVJvb20tOS1zY2FsZWQuanBnIiwic2xpZGVzaG93IjoiOWZiNmM4ZiJ9\" href='https:\/\/seaestahotel.vn\/home\/wp-content\/uploads\/2023\/05\/Conference-Room-9-scaled.jpg'><img loading=\"lazy\" decoding=\"async\" width=\"150\" height=\"150\" src=\"https:\/\/seaestahotel.vn\/home\/wp-content\/uploads\/2023\/05\/Conference-Room-9-150x150.jpg\" class=\"attachment-thumbnail size-thumbnail\" alt=\"\" srcset=\"https:\/\/seaestahotel.vn\/home\/wp-content\/uploads\/2023\/05\/Conference-Room-9-150x150.jpg 150w, https:\/\/seaestahotel.vn\/home\/wp-content\/uploads\/2023\/05\/Conference-Room-9-720x720.jpg 720w, https:\/\/seaestahotel.vn\/home\/wp-content\/uploads\/2023\/05\/Conference-Room-9-300x300.jpg 300w, https:\/\/seaestahotel.vn\/home\/wp-content\/uploads\/2023\/05\/Conference-Room-9-100x100.jpg 100w\" sizes=\"auto, (max-width: 150px) 100vw, 150px\" \/><\/a>\n\t\t\t<\/dt><\/dl><br style=\"clear: both\" \/>\n\t\t<\/div>\n\t\t<\/div>\n\t\t\t\t<\/div>\n\t\t\t\t<\/div>\n\t\t\t\t\t<\/div>\n\t\t<\/div>\n\t\t\t\t<div class=\"elementor-column elementor-col-50 elementor-top-column elementor-element elementor-element-e545dcf\" data-id=\"e545dcf\" data-element_type=\"column\" data-settings=\"{&quot;background_background&quot;:&quot;classic&quot;}\">\n\t\t\t<div class=\"elementor-widget-wrap elementor-element-populated\">\n\t\t\t\t\t\t\t\t<section class=\"elementor-section elementor-inner-section elementor-element elementor-element-4061387 elementor-section-content-middle elementor-section-boxed elementor-section-height-default elementor-section-height-default\" data-id=\"4061387\" data-element_type=\"section\">\n\t\t\t\t\t\t<div class=\"elementor-container elementor-column-gap-default\">\n\t\t\t\t\t<div class=\"elementor-column elementor-col-50 elementor-inner-column elementor-element elementor-element-e4bcb88\" data-id=\"e4bcb88\" data-element_type=\"column\">\n\t\t\t<div class=\"elementor-widget-wrap elementor-element-populated\">\n\t\t\t\t\t\t\t\t<div class=\"elementor-element elementor-element-9953727 elementor-widget elementor-widget-heading\" data-id=\"9953727\" data-element_type=\"widget\" data-widget_type=\"heading.default\">\n\t\t\t\t<div class=\"elementor-widget-container\">\n\t\t\t<h6 class=\"elementor-heading-title elementor-size-default\">Gi\u1edd Ho\u1ea1t \u0110\u1ed9ng<\/h6>\t\t<\/div>\n\t\t\t\t<\/div>\n\t\t\t\t\t<\/div>\n\t\t<\/div>\n\t\t\t\t<div class=\"elementor-column elementor-col-50 elementor-inner-column elementor-element elementor-element-54f47e5\" data-id=\"54f47e5\" data-element_type=\"column\">\n\t\t\t<div class=\"elementor-widget-wrap elementor-element-populated\">\n\t\t\t\t\t\t\t\t\t<\/div>\n\t\t<\/div>\n\t\t\t\t\t\t\t<\/div>\n\t\t<\/section>\n\t\t\t\t<div class=\"elementor-element elementor-element-ef6c4c8 elementor-widget elementor-widget-heading\" data-id=\"ef6c4c8\" data-element_type=\"widget\" data-widget_type=\"heading.default\">\n\t\t\t\t<div class=\"elementor-widget-container\">\n\t\t\t<p class=\"elementor-heading-title elementor-size-default\">Ph\u00f2ng h\u1ecdp chuy\u00ean d\u1ee5ng v\u1edbi \u00e1nh s\u00e1ng ban ng\u00e0y t\u1ef1 nhi\u00ean r\u1ed9ng, c\u00f3 th\u1ec3 ch\u1ee9a t\u1edbi 100 kh\u00e1ch v\u1edbi nhi\u1ec1u c\u00e1ch b\u1ed1 tr\u00ed ph\u00f2ng kh\u00e1c nhau\u2026 \n<\/br><\/br>\nLuna meeting rooms can be opened up as one large meeting room or divided with a soundproof partition; convenient and practical for all your business needs.\n\n\n<\/p>\t\t<\/div>\n\t\t\t\t<\/div>\n\t\t\t\t\t<\/div>\n\t\t<\/div>\n\t\t\t\t\t\t\t<\/div>\n\t\t<\/section>\n\t\t\t\t\t\t\t<\/div>","protected":false},"excerpt":{"rendered":"<p>Luna MEETING ROOM OPENING HOURS : A dedicated meeting room with natural daylight measuring wide which can accommodate up to 100 guests in a variety of room layouts. Luna meeting rooms can be opened up as one large meeting room or divided with a soundproof partition; convenient and practical for all your business needs.<\/p>","protected":false},"author":3,"featured_media":0,"parent":0,"menu_order":0,"comment_status":"closed","ping_status":"closed","template":"","meta":{"footnotes":""},"class_list":["post-12533","page","type-page","status-publish","hentry"],"_links":{"self":[{"href":"https:\/\/seaestahotel.vn\/home\/vi\/wp-json\/wp\/v2\/pages\/12533","targetHints":{"allow":["GET"]}}],"collection":[{"href":"https:\/\/seaestahotel.vn\/home\/vi\/wp-json\/wp\/v2\/pages"}],"about":[{"href":"https:\/\/seaestahotel.vn\/home\/vi\/wp-json\/wp\/v2\/types\/page"}],"author":[{"embeddable":true,"href":"https:\/\/seaestahotel.vn\/home\/vi\/wp-json\/wp\/v2\/users\/3"}],"replies":[{"embeddable":true,"href":"https:\/\/seaestahotel.vn\/home\/vi\/wp-json\/wp\/v2\/comments?post=12533"}],"version-history":[{"count":23,"href":"https:\/\/seaestahotel.vn\/home\/vi\/wp-json\/wp\/v2\/pages\/12533\/revisions"}],"predecessor-version":[{"id":13977,"href":"https:\/\/seaestahotel.vn\/home\/vi\/wp-json\/wp\/v2\/pages\/12533\/revisions\/13977"}],"wp:attachment":[{"href":"https:\/\/seaestahotel.vn\/home\/vi\/wp-json\/wp\/v2\/media?parent=12533"}],"curies":[{"name":"wp","href":"https:\/\/api.w.org\/{rel}","templated":true}]}}